{"id":1226,"date":"2024-03-08T14:59:09","date_gmt":"2024-03-08T12:59:09","guid":{"rendered":"https:\/\/www.fridays.gr\/?page_id=1226"},"modified":"2024-05-23T10:59:47","modified_gmt":"2024-05-23T07:59:47","slug":"desserts","status":"publish","type":"page","link":"https:\/\/www.fridays.gr\/en\/desserts\/","title":{"rendered":"Desserts"},"content":{"rendered":"<p>CHOCOLATE HEAVEN<br \/>\nSoft layered chocolate cake, hot chocolate fudge, vanilla ice cream, chocolate cereal balls and sprinkles.<\/p>\n<p>DOUBLE CHOCOLATE BROWNIE BITES<br \/>\nChocolate brownie with chocolate fudge and white chocolate, vanilla ice cream, mini marshmallows, sprinkles and roasted almonds.<\/p>\n<p>OREO\u00ae MADNESS<br \/>\nA giant Oreo\u00ae cookie filled with vanilla ice cream and topped with chocolate and butterscotch caramel sauce.<br \/>\nYou can also choose two giant Oreo\u00ae cookies for an extra charge.<\/p>\n<p>DEATH BY CHOCOLATE<br \/>\nLayers of chocolate homemade cake and chocolate fudge. Topped with vanilla ice cream, walnuts, hot chocolate fudge and butterscotch caramel sauce.<\/p>\n<p>NEW YORK CHEESECAKE<br \/>\nAuthentic New York Style cheesecake. Choose your flavor:<br \/>\n\u2013 STRAWBERRY with strawberry sauce, marshmallows, strawberry and icing sugar.<br \/>\n\u2013 CR\u00c8ME BR\u00dbL\u00c9E with butterscotch caramel sauce, whipped cream and icing sugar.<\/p>\n<p>ICE CREAM OR SHERBET<br \/>\nThree scoops of ice cream or sherbet of your choice. Ask from your server to inform you about the flavors we have today.<br \/>\nYou can add chocolate or butterscotch caramel sauce &amp; extra scoop of ice cream or sorbet for an extra charge.<\/p>\n","protected":false},"excerpt":{"rendered":"<p>Save the best for last! Finish your meal by tasting the unique desserts the TGI Fridays offer in all their restaurants.<\/p>\n","protected":false},"author":1,"featured_media":1228,"parent":0,"menu_order":113,"comment_status":"closed","ping_status":"closed","template":"templates\/page-builder.php","meta":{"_acf_changed":false,"footnotes":""},"class_list":["post-1226","page","type-page","status-publish","has-post-thumbnail","hentry"],"acf":[],"yoast_head":"<!-- This site is optimized with the Yoast SEO plugin v26.5 - https:\/\/yoast.com\/wordpress\/plugins\/seo\/ -->\n<title>Desserts - Sweets | TGI Fridays Menu<\/title>\n<meta name=\"description\" content=\"Save the best for last! Finish your meal by tasting the unique desserts the TGI Fridays offer in all their restaurants in Athens and Thessaloniki.\" \/>\n<meta name=\"robots\" content=\"index, follow, max-snippet:-1, max-image-preview:large, max-video-preview:-1\" \/>\n<link rel=\"canonical\" href=\"https:\/\/www.fridays.gr\/en\/desserts\/\" \/>\n<meta property=\"og:locale\" content=\"en_US\" \/>\n<meta property=\"og:type\" content=\"article\" \/>\n<meta property=\"og:title\" content=\"Desserts - Sweets | TGI Fridays Menu\" \/>\n<meta property=\"og:description\" content=\"Save the best for last! Finish your meal by tasting the unique desserts the TGI Fridays offer in all their restaurants in Athens and Thessaloniki.\" \/>\n<meta property=\"og:url\" content=\"https:\/\/www.fridays.gr\/en\/desserts\/\" \/>\n<meta property=\"og:site_name\" content=\"TGI Fridays\" \/>\n<meta property=\"article:modified_time\" content=\"2024-05-23T07:59:47+00:00\" \/>\n<meta property=\"og:image\" content=\"https:\/\/www.fridays.gr\/wp-content\/uploads\/2024\/03\/oreo\u00ae-madness.jpg\" \/>\n\t<meta property=\"og:image:width\" content=\"1920\" \/>\n\t<meta property=\"og:image:height\" content=\"1080\" \/>\n\t<meta property=\"og:image:type\" content=\"image\/jpeg\" \/>\n<meta name=\"twitter:card\" content=\"summary_large_image\" \/>\n<meta name=\"twitter:label1\" content=\"Est. reading time\" \/>\n\t<meta name=\"twitter:data1\" content=\"1 minute\" \/>\n<script type=\"application\/ld+json\" class=\"yoast-schema-graph\">{\"@context\":\"https:\/\/schema.org\",\"@graph\":[{\"@type\":\"WebPage\",\"@id\":\"https:\/\/www.fridays.gr\/en\/desserts\/\",\"url\":\"https:\/\/www.fridays.gr\/en\/desserts\/\",\"name\":\"Desserts - Sweets | TGI Fridays Menu\",\"isPartOf\":{\"@id\":\"https:\/\/www.fridays.gr\/en\/#website\"},\"primaryImageOfPage\":{\"@id\":\"https:\/\/www.fridays.gr\/en\/desserts\/#primaryimage\"},\"image\":{\"@id\":\"https:\/\/www.fridays.gr\/en\/desserts\/#primaryimage\"},\"thumbnailUrl\":\"https:\/\/www.fridays.gr\/wp-content\/uploads\/2024\/03\/oreo\u00ae-madness.jpg\",\"datePublished\":\"2024-03-08T12:59:09+00:00\",\"dateModified\":\"2024-05-23T07:59:47+00:00\",\"description\":\"Save the best for last! Finish your meal by tasting the unique desserts the TGI Fridays offer in all their restaurants in Athens and Thessaloniki.\",\"breadcrumb\":{\"@id\":\"https:\/\/www.fridays.gr\/en\/desserts\/#breadcrumb\"},\"inLanguage\":\"en-US\",\"potentialAction\":[{\"@type\":\"ReadAction\",\"target\":[\"https:\/\/www.fridays.gr\/en\/desserts\/\"]}]},{\"@type\":\"ImageObject\",\"inLanguage\":\"en-US\",\"@id\":\"https:\/\/www.fridays.gr\/en\/desserts\/#primaryimage\",\"url\":\"https:\/\/www.fridays.gr\/wp-content\/uploads\/2024\/03\/oreo\u00ae-madness.jpg\",\"contentUrl\":\"https:\/\/www.fridays.gr\/wp-content\/uploads\/2024\/03\/oreo\u00ae-madness.jpg\",\"width\":1920,\"height\":1080},{\"@type\":\"BreadcrumbList\",\"@id\":\"https:\/\/www.fridays.gr\/en\/desserts\/#breadcrumb\",\"itemListElement\":[{\"@type\":\"ListItem\",\"position\":1,\"name\":\"Home\",\"item\":\"https:\/\/www.fridays.gr\/en\/\"},{\"@type\":\"ListItem\",\"position\":2,\"name\":\"Desserts\"}]},{\"@type\":\"WebSite\",\"@id\":\"https:\/\/www.fridays.gr\/en\/#website\",\"url\":\"https:\/\/www.fridays.gr\/en\/\",\"name\":\"TGI Fridays\",\"description\":\"\",\"potentialAction\":[{\"@type\":\"SearchAction\",\"target\":{\"@type\":\"EntryPoint\",\"urlTemplate\":\"https:\/\/www.fridays.gr\/en\/?s={search_term_string}\"},\"query-input\":{\"@type\":\"PropertyValueSpecification\",\"valueRequired\":true,\"valueName\":\"search_term_string\"}}],\"inLanguage\":\"en-US\"}]}<\/script>\n<!-- \/ Yoast SEO plugin. -->","yoast_head_json":{"title":"Desserts - Sweets | TGI Fridays Menu","description":"Save the best for last! Finish your meal by tasting the unique desserts the TGI Fridays offer in all their restaurants in Athens and Thessaloniki.","robots":{"index":"index","follow":"follow","max-snippet":"max-snippet:-1","max-image-preview":"max-image-preview:large","max-video-preview":"max-video-preview:-1"},"canonical":"https:\/\/www.fridays.gr\/en\/desserts\/","og_locale":"en_US","og_type":"article","og_title":"Desserts - Sweets | TGI Fridays Menu","og_description":"Save the best for last! Finish your meal by tasting the unique desserts the TGI Fridays offer in all their restaurants in Athens and Thessaloniki.","og_url":"https:\/\/www.fridays.gr\/en\/desserts\/","og_site_name":"TGI Fridays","article_modified_time":"2024-05-23T07:59:47+00:00","og_image":[{"width":1920,"height":1080,"url":"https:\/\/www.fridays.gr\/wp-content\/uploads\/2024\/03\/oreo\u00ae-madness.jpg","type":"image\/jpeg"}],"twitter_card":"summary_large_image","twitter_misc":{"Est. reading time":"1 minute"},"schema":{"@context":"https:\/\/schema.org","@graph":[{"@type":"WebPage","@id":"https:\/\/www.fridays.gr\/en\/desserts\/","url":"https:\/\/www.fridays.gr\/en\/desserts\/","name":"Desserts - Sweets | TGI Fridays Menu","isPartOf":{"@id":"https:\/\/www.fridays.gr\/en\/#website"},"primaryImageOfPage":{"@id":"https:\/\/www.fridays.gr\/en\/desserts\/#primaryimage"},"image":{"@id":"https:\/\/www.fridays.gr\/en\/desserts\/#primaryimage"},"thumbnailUrl":"https:\/\/www.fridays.gr\/wp-content\/uploads\/2024\/03\/oreo\u00ae-madness.jpg","datePublished":"2024-03-08T12:59:09+00:00","dateModified":"2024-05-23T07:59:47+00:00","description":"Save the best for last! Finish your meal by tasting the unique desserts the TGI Fridays offer in all their restaurants in Athens and Thessaloniki.","breadcrumb":{"@id":"https:\/\/www.fridays.gr\/en\/desserts\/#breadcrumb"},"inLanguage":"en-US","potentialAction":[{"@type":"ReadAction","target":["https:\/\/www.fridays.gr\/en\/desserts\/"]}]},{"@type":"ImageObject","inLanguage":"en-US","@id":"https:\/\/www.fridays.gr\/en\/desserts\/#primaryimage","url":"https:\/\/www.fridays.gr\/wp-content\/uploads\/2024\/03\/oreo\u00ae-madness.jpg","contentUrl":"https:\/\/www.fridays.gr\/wp-content\/uploads\/2024\/03\/oreo\u00ae-madness.jpg","width":1920,"height":1080},{"@type":"BreadcrumbList","@id":"https:\/\/www.fridays.gr\/en\/desserts\/#breadcrumb","itemListElement":[{"@type":"ListItem","position":1,"name":"Home","item":"https:\/\/www.fridays.gr\/en\/"},{"@type":"ListItem","position":2,"name":"Desserts"}]},{"@type":"WebSite","@id":"https:\/\/www.fridays.gr\/en\/#website","url":"https:\/\/www.fridays.gr\/en\/","name":"TGI Fridays","description":"","potentialAction":[{"@type":"SearchAction","target":{"@type":"EntryPoint","urlTemplate":"https:\/\/www.fridays.gr\/en\/?s={search_term_string}"},"query-input":{"@type":"PropertyValueSpecification","valueRequired":true,"valueName":"search_term_string"}}],"inLanguage":"en-US"}]}},"_links":{"self":[{"href":"https:\/\/www.fridays.gr\/en\/wp-json\/wp\/v2\/pages\/1226","targetHints":{"allow":["GET"]}}],"collection":[{"href":"https:\/\/www.fridays.gr\/en\/wp-json\/wp\/v2\/pages"}],"about":[{"href":"https:\/\/www.fridays.gr\/en\/wp-json\/wp\/v2\/types\/page"}],"author":[{"embeddable":true,"href":"https:\/\/www.fridays.gr\/en\/wp-json\/wp\/v2\/users\/1"}],"replies":[{"embeddable":true,"href":"https:\/\/www.fridays.gr\/en\/wp-json\/wp\/v2\/comments?post=1226"}],"version-history":[{"count":5,"href":"https:\/\/www.fridays.gr\/en\/wp-json\/wp\/v2\/pages\/1226\/revisions"}],"predecessor-version":[{"id":3711,"href":"https:\/\/www.fridays.gr\/en\/wp-json\/wp\/v2\/pages\/1226\/revisions\/3711"}],"wp:featuredmedia":[{"embeddable":true,"href":"https:\/\/www.fridays.gr\/en\/wp-json\/wp\/v2\/media\/1228"}],"wp:attachment":[{"href":"https:\/\/www.fridays.gr\/en\/wp-json\/wp\/v2\/media?parent=1226"}],"curies":[{"name":"wp","href":"https:\/\/api.w.org\/{rel}","templated":true}]}}